{"id":715,"date":"2025-05-09T05:57:05","date_gmt":"2025-05-09T05:57:05","guid":{"rendered":"https:\/\/www.paanan.fi\/tuote\/18k-kullatut-krsitallihelmikorvakorut\/"},"modified":"2025-05-13T07:59:09","modified_gmt":"2025-05-13T07:59:09","slug":"18k-kullatut-krsitallihelmikorvakorut","status":"publish","type":"product","link":"https:\/\/www.paanan.fi\/en\/product\/18k-kullatut-krsitallihelmikorvakorut\/","title":{"rendered":"24K-gold plated flower crystal earrings"},"content":{"rendered":"<p>24K-kullattua hypoallergeenista ruostumatonta ter\u00e4st\u00e4<\/p>\n<p>Kristallihelmi\u00e4 ja lasinen kukkahelmi<\/p>\n<p>Renkaan kiinnitys on helppo ja pysyv\u00e4, joten ei tarvitse pel\u00e4t\u00e4, ett\u00e4 korvikset hukkuisivat<\/p>\n<p>Hoito-ohjeet:<\/p>\n<p>V\u00e4lt\u00e4 korun kastumista ja s\u00e4ilyt\u00e4 sit\u00e4 kuivassa paikassa irti muista metalleista. N\u00e4in saat korulle eniten k\u00e4ytt\u00f6ik\u00e4\u00e4.<\/p>","protected":false},"excerpt":{"rendered":"<p>24K-kullattua hypoallergeenista ruostumatonta ter\u00e4st\u00e4 Kristallihelmi\u00e4 ja lasinen kukkahelmi Renkaan kiinnitys on helppo ja pysyv\u00e4, joten ei tarvitse pel\u00e4t\u00e4, ett\u00e4 korvikset [&hellip;]<\/p>\n","protected":false},"featured_media":714,"comment_status":"open","ping_status":"closed","template":"","meta":{"_uag_custom_page_level_css":"","site-sidebar-layout":"default","site-content-layout":"","ast-site-content-layout":"default","site-content-style":"default","site-sidebar-style":"default","ast-global-header-display":"","ast-banner-title-visibility":"","ast-main-header-display":"","ast-hfb-above-header-display":"","ast-hfb-below-header-display":"","ast-hfb-mobile-header-display":"","site-post-title":"","ast-breadcrumbs-content":"","ast-featured-img":"","footer-sml-layout":"","ast-disable-related-posts":"","theme-transparent-header-meta":"default","adv-header-id-meta":"","stick-header-meta":"","header-above-stick-meta":"","header-main-stick-meta":"","header-below-stick-meta":"","astra-migrate-meta-layouts":"set","ast-page-background-enabled":"default","ast-page-background-meta":{"desktop":{"background-color":"var(--ast-global-color-5)","background-image":"","background-repeat":"repeat","background-position":"center center","background-size":"auto","background-attachment":"scroll","background-type":"","background-media":"","overlay-type":"","overlay-color":"","overlay-opacity":"","overlay-gradient":""},"tablet":{"background-color":"","background-image":"","background-repeat":"repeat","background-position":"center center","background-size":"auto","background-attachment":"scroll","background-type":"","background-media":"","overlay-type":"","overlay-color":"","overlay-opacity":"","overlay-gradient":""},"mobile":{"background-color":"","background-image":"","background-repeat":"repeat","background-position":"center center","background-size":"auto","background-attachment":"scroll","background-type":"","background-media":"","overlay-type":"","overlay-color":"","overlay-opacity":"","overlay-gradient":""}},"ast-content-background-meta":{"desktop":{"background-color":"var(--ast-global-color-4)","background-image":"","background-repeat":"repeat","background-position":"center center","background-size":"auto","background-attachment":"scroll","background-type":"","background-media":"","overlay-type":"","overlay-color":"","overlay-opacity":"","overlay-gradient":""},"tablet":{"background-color":"var(--ast-global-color-4)","background-image":"","background-repeat":"repeat","background-position":"center center","background-size":"auto","background-attachment":"scroll","background-type":"","background-media":"","overlay-type":"","overlay-color":"","overlay-opacity":"","overlay-gradient":""},"mobile":{"background-color":"var(--ast-global-color-4)","background-image":"","background-repeat":"repeat","background-position":"center center","background-size":"auto","background-attachment":"scroll","background-type":"","background-media":"","overlay-type":"","overlay-color":"","overlay-opacity":"","overlay-gradient":""}}},"product_brand":[21],"product_cat":[44,33,86,43],"product_tag":[22,45,23],"class_list":{"0":"post-715","1":"product","2":"type-product","3":"status-publish","4":"has-post-thumbnail","6":"product_brand-paanan","7":"product_cat-kevaan-uutuudet","8":"product_cat-korut","9":"product_cat-korvakorut","10":"product_cat-suosikit","11":"product_tag-18k-kullattu","12":"product_tag-kevaan-uutuudet","13":"product_tag-korvakorut","14":"desktop-align-left","15":"tablet-align-left","16":"mobile-align-left","18":"first","19":"instock","20":"taxable","21":"shipping-taxable","22":"purchasable","23":"product-type-simple"},"yoast_head":"<!-- This site is optimized with the Yoast SEO plugin v27.5 - https:\/\/yoast.com\/product\/yoast-seo-wordpress\/ -->\n<title>24K-kullatut kukkaniitty korvakorut - PAANAN<\/title>\n<meta name=\"robots\" content=\"index, follow, max-snippet:-1, max-image-preview:large, max-video-preview:-1\" \/>\n<link rel=\"canonical\" href=\"https:\/\/www.paanan.online\/tuote\/18k-kullatut-krsitallihelmikorvakorut\/\" \/>\n<meta property=\"og:locale\" content=\"en_US\" \/>\n<meta property=\"og:type\" content=\"article\" \/>\n<meta property=\"og:title\" content=\"24K-kullatut kukkaniitty korvakorut - PAANAN\" \/>\n<meta property=\"og:description\" content=\"24K-kullattua hypoallergeenista ruostumatonta ter\u00e4st\u00e4 Kristallihelmi\u00e4 ja lasinen kukkahelmi Renkaan kiinnitys on helppo ja pysyv\u00e4, joten ei tarvitse pel\u00e4t\u00e4, ett\u00e4 korvikset [&hellip;]\" \/>\n<meta property=\"og:url\" content=\"https:\/\/www.paanan.online\/tuote\/18k-kullatut-krsitallihelmikorvakorut\/\" \/>\n<meta property=\"og:site_name\" content=\"PAANAN\" \/>\n<meta property=\"article:modified_time\" content=\"2025-05-13T07:59:09+00:00\" \/>\n<meta property=\"og:image\" content=\"https:\/\/www.paanan.online\/wp-content\/uploads\/2025\/05\/img_9436-scaled.jpeg\" \/>\n\t<meta property=\"og:image:width\" content=\"2560\" \/>\n\t<meta property=\"og:image:height\" content=\"2560\" \/>\n\t<meta property=\"og:image:type\" content=\"image\/jpeg\" \/>\n<meta name=\"twitter:card\" content=\"summary_large_image\" \/>\n<meta name=\"twitter:label1\" content=\"Est. reading time\" \/>\n\t<meta name=\"twitter:data1\" content=\"1 minute\" \/>\n<script type=\"application\/ld+json\" class=\"yoast-schema-graph\">{\"@context\":\"https:\\\/\\\/schema.org\",\"@graph\":[{\"@type\":\"WebPage\",\"@id\":\"https:\\\/\\\/www.paanan.online\\\/tuote\\\/18k-kullatut-krsitallihelmikorvakorut\\\/\",\"url\":\"https:\\\/\\\/www.paanan.online\\\/tuote\\\/18k-kullatut-krsitallihelmikorvakorut\\\/\",\"name\":\"24K-kullatut kukkaniitty korvakorut - PAANAN\",\"isPartOf\":{\"@id\":\"https:\\\/\\\/www.paanan.online\\\/#website\"},\"primaryImageOfPage\":{\"@id\":\"https:\\\/\\\/www.paanan.online\\\/tuote\\\/18k-kullatut-krsitallihelmikorvakorut\\\/#primaryimage\"},\"image\":{\"@id\":\"https:\\\/\\\/www.paanan.online\\\/tuote\\\/18k-kullatut-krsitallihelmikorvakorut\\\/#primaryimage\"},\"thumbnailUrl\":\"https:\\\/\\\/www.paanan.fi\\\/wp-content\\\/uploads\\\/2025\\\/05\\\/img_9436-scaled.jpeg\",\"datePublished\":\"2025-05-09T05:57:05+00:00\",\"dateModified\":\"2025-05-13T07:59:09+00:00\",\"breadcrumb\":{\"@id\":\"https:\\\/\\\/www.paanan.online\\\/tuote\\\/18k-kullatut-krsitallihelmikorvakorut\\\/#breadcrumb\"},\"inLanguage\":\"en-US\",\"potentialAction\":[{\"@type\":\"ReadAction\",\"target\":[\"https:\\\/\\\/www.paanan.online\\\/tuote\\\/18k-kullatut-krsitallihelmikorvakorut\\\/\"]}]},{\"@type\":\"ImageObject\",\"inLanguage\":\"en-US\",\"@id\":\"https:\\\/\\\/www.paanan.online\\\/tuote\\\/18k-kullatut-krsitallihelmikorvakorut\\\/#primaryimage\",\"url\":\"https:\\\/\\\/www.paanan.fi\\\/wp-content\\\/uploads\\\/2025\\\/05\\\/img_9436-scaled.jpeg\",\"contentUrl\":\"https:\\\/\\\/www.paanan.fi\\\/wp-content\\\/uploads\\\/2025\\\/05\\\/img_9436-scaled.jpeg\",\"width\":2560,\"height\":2560,\"caption\":\"K\u00e4sity\u00f6n\u00e4 valmistetut 18K-kullatut kristallihelmikorvakorut\"},{\"@type\":\"BreadcrumbList\",\"@id\":\"https:\\\/\\\/www.paanan.online\\\/tuote\\\/18k-kullatut-krsitallihelmikorvakorut\\\/#breadcrumb\",\"itemListElement\":[{\"@type\":\"ListItem\",\"position\":1,\"name\":\"Etusivu\",\"item\":\"https:\\\/\\\/www.paanan.fi\\\/\"},{\"@type\":\"ListItem\",\"position\":2,\"name\":\"Kauppa\",\"item\":\"https:\\\/\\\/www.paanan.online\\\/kauppa\\\/\"},{\"@type\":\"ListItem\",\"position\":3,\"name\":\"24K-kullatut kukkaniitty korvakorut\"}]},{\"@type\":\"WebSite\",\"@id\":\"https:\\\/\\\/www.paanan.online\\\/#website\",\"url\":\"https:\\\/\\\/www.paanan.online\\\/\",\"name\":\"PAANAN\",\"description\":\"hiusasusteita ja koruja\",\"publisher\":{\"@id\":\"https:\\\/\\\/www.paanan.online\\\/#organization\"},\"alternateName\":\"PN\",\"potentialAction\":[{\"@type\":\"SearchAction\",\"target\":{\"@type\":\"EntryPoint\",\"urlTemplate\":\"https:\\\/\\\/www.paanan.online\\\/?s={search_term_string}\"},\"query-input\":{\"@type\":\"PropertyValueSpecification\",\"valueRequired\":true,\"valueName\":\"search_term_string\"}}],\"inLanguage\":\"en-US\"},{\"@type\":\"Organization\",\"@id\":\"https:\\\/\\\/www.paanan.online\\\/#organization\",\"name\":\"PAANAN\",\"url\":\"https:\\\/\\\/www.paanan.online\\\/\",\"logo\":{\"@type\":\"ImageObject\",\"inLanguage\":\"en-US\",\"@id\":\"https:\\\/\\\/www.paanan.online\\\/#\\\/schema\\\/logo\\\/image\\\/\",\"url\":\"https:\\\/\\\/www.paanan.fi\\\/wp-content\\\/uploads\\\/2025\\\/05\\\/cropped-cropped-P.jpeg\",\"contentUrl\":\"https:\\\/\\\/www.paanan.fi\\\/wp-content\\\/uploads\\\/2025\\\/05\\\/cropped-cropped-P.jpeg\",\"width\":394,\"height\":381,\"caption\":\"PAANAN\"},\"image\":{\"@id\":\"https:\\\/\\\/www.paanan.online\\\/#\\\/schema\\\/logo\\\/image\\\/\"}}]}<\/script>\n<!-- \/ Yoast SEO plugin. -->","yoast_head_json":{"title":"24K-kullatut kukkaniitty korvakorut - PAANAN","robots":{"index":"index","follow":"follow","max-snippet":"max-snippet:-1","max-image-preview":"max-image-preview:large","max-video-preview":"max-video-preview:-1"},"canonical":"https:\/\/www.paanan.online\/tuote\/18k-kullatut-krsitallihelmikorvakorut\/","og_locale":"en_US","og_type":"article","og_title":"24K-kullatut kukkaniitty korvakorut - PAANAN","og_description":"24K-kullattua hypoallergeenista ruostumatonta ter\u00e4st\u00e4 Kristallihelmi\u00e4 ja lasinen kukkahelmi Renkaan kiinnitys on helppo ja pysyv\u00e4, joten ei tarvitse pel\u00e4t\u00e4, ett\u00e4 korvikset [&hellip;]","og_url":"https:\/\/www.paanan.online\/tuote\/18k-kullatut-krsitallihelmikorvakorut\/","og_site_name":"PAANAN","article_modified_time":"2025-05-13T07:59:09+00:00","og_image":[{"width":2560,"height":2560,"url":"https:\/\/www.paanan.online\/wp-content\/uploads\/2025\/05\/img_9436-scaled.jpeg","type":"image\/jpeg"}],"twitter_card":"summary_large_image","twitter_misc":{"Est. reading time":"1 minute"},"schema":{"@context":"https:\/\/schema.org","@graph":[{"@type":"WebPage","@id":"https:\/\/www.paanan.online\/tuote\/18k-kullatut-krsitallihelmikorvakorut\/","url":"https:\/\/www.paanan.online\/tuote\/18k-kullatut-krsitallihelmikorvakorut\/","name":"24K-kullatut kukkaniitty korvakorut - PAANAN","isPartOf":{"@id":"https:\/\/www.paanan.online\/#website"},"primaryImageOfPage":{"@id":"https:\/\/www.paanan.online\/tuote\/18k-kullatut-krsitallihelmikorvakorut\/#primaryimage"},"image":{"@id":"https:\/\/www.paanan.online\/tuote\/18k-kullatut-krsitallihelmikorvakorut\/#primaryimage"},"thumbnailUrl":"https:\/\/www.paanan.fi\/wp-content\/uploads\/2025\/05\/img_9436-scaled.jpeg","datePublished":"2025-05-09T05:57:05+00:00","dateModified":"2025-05-13T07:59:09+00:00","breadcrumb":{"@id":"https:\/\/www.paanan.online\/tuote\/18k-kullatut-krsitallihelmikorvakorut\/#breadcrumb"},"inLanguage":"en-US","potentialAction":[{"@type":"ReadAction","target":["https:\/\/www.paanan.online\/tuote\/18k-kullatut-krsitallihelmikorvakorut\/"]}]},{"@type":"ImageObject","inLanguage":"en-US","@id":"https:\/\/www.paanan.online\/tuote\/18k-kullatut-krsitallihelmikorvakorut\/#primaryimage","url":"https:\/\/www.paanan.fi\/wp-content\/uploads\/2025\/05\/img_9436-scaled.jpeg","contentUrl":"https:\/\/www.paanan.fi\/wp-content\/uploads\/2025\/05\/img_9436-scaled.jpeg","width":2560,"height":2560,"caption":"K\u00e4sity\u00f6n\u00e4 valmistetut 18K-kullatut kristallihelmikorvakorut"},{"@type":"BreadcrumbList","@id":"https:\/\/www.paanan.online\/tuote\/18k-kullatut-krsitallihelmikorvakorut\/#breadcrumb","itemListElement":[{"@type":"ListItem","position":1,"name":"Etusivu","item":"https:\/\/www.paanan.fi\/"},{"@type":"ListItem","position":2,"name":"Kauppa","item":"https:\/\/www.paanan.online\/kauppa\/"},{"@type":"ListItem","position":3,"name":"24K-kullatut kukkaniitty korvakorut"}]},{"@type":"WebSite","@id":"https:\/\/www.paanan.online\/#website","url":"https:\/\/www.paanan.online\/","name":"PAANAN","description":"hiusasusteita ja koruja","publisher":{"@id":"https:\/\/www.paanan.online\/#organization"},"alternateName":"PN","potentialAction":[{"@type":"SearchAction","target":{"@type":"EntryPoint","urlTemplate":"https:\/\/www.paanan.online\/?s={search_term_string}"},"query-input":{"@type":"PropertyValueSpecification","valueRequired":true,"valueName":"search_term_string"}}],"inLanguage":"en-US"},{"@type":"Organization","@id":"https:\/\/www.paanan.online\/#organization","name":"PAANAN","url":"https:\/\/www.paanan.online\/","logo":{"@type":"ImageObject","inLanguage":"en-US","@id":"https:\/\/www.paanan.online\/#\/schema\/logo\/image\/","url":"https:\/\/www.paanan.fi\/wp-content\/uploads\/2025\/05\/cropped-cropped-P.jpeg","contentUrl":"https:\/\/www.paanan.fi\/wp-content\/uploads\/2025\/05\/cropped-cropped-P.jpeg","width":394,"height":381,"caption":"PAANAN"},"image":{"@id":"https:\/\/www.paanan.online\/#\/schema\/logo\/image\/"}}]}},"uagb_featured_image_src":{"full":["https:\/\/www.paanan.fi\/wp-content\/uploads\/2025\/05\/img_9436-scaled.jpeg",2560,2560,false],"thumbnail":["https:\/\/www.paanan.fi\/wp-content\/uploads\/2025\/05\/img_9436-150x150.jpeg",150,150,true],"medium":["https:\/\/www.paanan.fi\/wp-content\/uploads\/2025\/05\/img_9436-300x300.jpeg",300,300,true],"medium_large":["https:\/\/www.paanan.fi\/wp-content\/uploads\/2025\/05\/img_9436-768x768.jpeg",768,768,true],"large":["https:\/\/www.paanan.fi\/wp-content\/uploads\/2025\/05\/img_9436-1024x1024.jpeg",1024,1024,true],"1536x1536":["https:\/\/www.paanan.fi\/wp-content\/uploads\/2025\/05\/img_9436-1536x1536.jpeg",1536,1536,true],"2048x2048":["https:\/\/www.paanan.fi\/wp-content\/uploads\/2025\/05\/img_9436-2048x2048.jpeg",2048,2048,true],"trp-custom-language-flag":["https:\/\/www.paanan.fi\/wp-content\/uploads\/2025\/05\/img_9436-scaled.jpeg",12,12,false],"woocommerce_thumbnail":["https:\/\/www.paanan.fi\/wp-content\/uploads\/2025\/05\/img_9436-300x300.jpeg",300,300,true],"woocommerce_single":["https:\/\/www.paanan.fi\/wp-content\/uploads\/2025\/05\/img_9436-600x600.jpeg",600,600,true],"woocommerce_gallery_thumbnail":["https:\/\/www.paanan.fi\/wp-content\/uploads\/2025\/05\/img_9436-100x100.jpeg",100,100,true]},"uagb_author_info":{"display_name":"admin","author_link":"https:\/\/www.paanan.fi\/en\/author\/"},"uagb_comment_info":0,"uagb_excerpt":"24K-kullattua hypoallergeenista ruostumatonta ter\u00e4st\u00e4 Kristallihelmi\u00e4 ja lasinen kukkahelmi Renkaan kiinnitys on helppo ja pysyv\u00e4, joten ei tarvitse pel\u00e4t\u00e4, ett\u00e4 korvikset [&hellip;]","jetpack_sharing_enabled":true,"_links":{"self":[{"href":"https:\/\/www.paanan.fi\/en\/wp-json\/wp\/v2\/product\/715","targetHints":{"allow":["GET"]}}],"collection":[{"href":"https:\/\/www.paanan.fi\/en\/wp-json\/wp\/v2\/product"}],"about":[{"href":"https:\/\/www.paanan.fi\/en\/wp-json\/wp\/v2\/types\/product"}],"replies":[{"embeddable":true,"href":"https:\/\/www.paanan.fi\/en\/wp-json\/wp\/v2\/comments?post=715"}],"wp:featuredmedia":[{"embeddable":true,"href":"https:\/\/www.paanan.fi\/en\/wp-json\/wp\/v2\/media\/714"}],"wp:attachment":[{"href":"https:\/\/www.paanan.fi\/en\/wp-json\/wp\/v2\/media?parent=715"}],"wp:term":[{"taxonomy":"product_brand","embeddable":true,"href":"https:\/\/www.paanan.fi\/en\/wp-json\/wp\/v2\/product_brand?post=715"},{"taxonomy":"product_cat","embeddable":true,"href":"https:\/\/www.paanan.fi\/en\/wp-json\/wp\/v2\/product_cat?post=715"},{"taxonomy":"product_tag","embeddable":true,"href":"https:\/\/www.paanan.fi\/en\/wp-json\/wp\/v2\/product_tag?post=715"}],"curies":[{"name":"wp","href":"https:\/\/api.w.org\/{rel}","templated":true}]}}