{"id":548,"date":"2025-04-18T07:40:32","date_gmt":"2025-04-18T07:40:32","guid":{"rendered":"https:\/\/www.paanan.fi\/tuote\/valkoinen-organza-scrunchie\/"},"modified":"2026-04-09T12:40:53","modified_gmt":"2026-04-09T12:40:53","slug":"valkoinen-organza-scrunchie","status":"publish","type":"product","link":"https:\/\/www.paanan.fi\/en\/product\/valkoinen-organza-scrunchie\/","title":{"rendered":"White organza scrunchie"},"content":{"rendered":"<p>Koko:<\/p>\n<ul>\n<li>Iso : 12cm halkaisija<\/li>\n<li>Medium: 10cm halkaisija<\/li>\n<li>Pieni: 8cm halkaisija<\/li>\n<\/ul>\n<p>PAANAN scrunchiet eroavat muista niiden muhkealla ulkon\u00e4\u00f6ll\u00e4. Kangasta ei ole s\u00e4\u00e4stelty, mik\u00e4 luo upean ulkon\u00e4\u00f6n scrunchielle. Jokainen scrunchie on uniikki, koska ne tehd\u00e4\u00e4n k\u00e4sty\u00f6n\u00e4 alusta asti ja kankaat on valittu huolella. Sis\u00e4ll\u00e4 on vahva huolella valittu kuminauha, joka tekee scrunchiesta napakan jokaiselle hiustyypille. Se suojaa hiusta katkeilulta, mink\u00e4 takia satiiniscrunchiet ovat eritt\u00e4in hyvi\u00e4 p\u00e4ivitt\u00e4isess\u00e4 k\u00e4yt\u00f6ss\u00e4 tai vaikka nukkuessa.<\/p>","protected":false},"excerpt":{"rendered":"<p>Koko: Iso : 12cm halkaisija Medium: 10cm halkaisija Pieni: 8cm halkaisija PAANAN scrunchiet eroavat muista niiden muhkealla ulkon\u00e4\u00f6ll\u00e4. Kangasta ei [&hellip;]<\/p>\n","protected":false},"featured_media":544,"comment_status":"open","ping_status":"closed","template":"","meta":{"_uag_custom_page_level_css":"","site-sidebar-layout":"default","site-content-layout":"","ast-site-content-layout":"default","site-content-style":"default","site-sidebar-style":"default","ast-global-header-display":"","ast-banner-title-visibility":"","ast-main-header-display":"","ast-hfb-above-header-display":"","ast-hfb-below-header-display":"","ast-hfb-mobile-header-display":"","site-post-title":"","ast-breadcrumbs-content":"","ast-featured-img":"","footer-sml-layout":"","ast-disable-related-posts":"","theme-transparent-header-meta":"default","adv-header-id-meta":"","stick-header-meta":"","header-above-stick-meta":"","header-main-stick-meta":"","header-below-stick-meta":"","astra-migrate-meta-layouts":"set","ast-page-background-enabled":"default","ast-page-background-meta":{"desktop":{"background-color":"var(--ast-global-color-5)","background-image":"","background-repeat":"repeat","background-position":"center center","background-size":"auto","background-attachment":"scroll","background-type":"","background-media":"","overlay-type":"","overlay-color":"","overlay-opacity":"","overlay-gradient":""},"tablet":{"background-color":"","background-image":"","background-repeat":"repeat","background-position":"center center","background-size":"auto","background-attachment":"scroll","background-type":"","background-media":"","overlay-type":"","overlay-color":"","overlay-opacity":"","overlay-gradient":""},"mobile":{"background-color":"","background-image":"","background-repeat":"repeat","background-position":"center center","background-size":"auto","background-attachment":"scroll","background-type":"","background-media":"","overlay-type":"","overlay-color":"","overlay-opacity":"","overlay-gradient":""}},"ast-content-background-meta":{"desktop":{"background-color":"var(--ast-global-color-4)","background-image":"","background-repeat":"repeat","background-position":"center center","background-size":"auto","background-attachment":"scroll","background-type":"","background-media":"","overlay-type":"","overlay-color":"","overlay-opacity":"","overlay-gradient":""},"tablet":{"background-color":"var(--ast-global-color-4)","background-image":"","background-repeat":"repeat","background-position":"center center","background-size":"auto","background-attachment":"scroll","background-type":"","background-media":"","overlay-type":"","overlay-color":"","overlay-opacity":"","overlay-gradient":""},"mobile":{"background-color":"var(--ast-global-color-4)","background-image":"","background-repeat":"repeat","background-position":"center center","background-size":"auto","background-attachment":"scroll","background-type":"","background-media":"","overlay-type":"","overlay-color":"","overlay-opacity":"","overlay-gradient":""}}},"product_brand":[],"product_cat":[44,35],"product_tag":[31,36,30,41],"class_list":{"0":"post-548","1":"product","2":"type-product","3":"status-publish","4":"has-post-thumbnail","6":"product_cat-kevaan-uutuudet","7":"product_cat-scrunchiet","8":"product_tag-hiusasusteet","9":"product_tag-organza","10":"product_tag-ponnari","11":"product_tag-scrunchiet","12":"desktop-align-left","13":"tablet-align-left","14":"mobile-align-left","16":"first","17":"instock","18":"taxable","19":"shipping-taxable","20":"purchasable","21":"product-type-simple"},"yoast_head":"<!-- This site is optimized with the Yoast SEO plugin v27.5 - https:\/\/yoast.com\/product\/yoast-seo-wordpress\/ -->\n<title>Valkoinen organza scrunchie - PAANAN<\/title>\n<meta name=\"robots\" content=\"index, follow, max-snippet:-1, max-image-preview:large, max-video-preview:-1\" \/>\n<link rel=\"canonical\" href=\"https:\/\/www.paanan.fi\/en\/product\/valkoinen-organza-scrunchie\/\" \/>\n<meta property=\"og:locale\" content=\"en_US\" \/>\n<meta property=\"og:type\" content=\"article\" \/>\n<meta property=\"og:title\" content=\"Valkoinen organza scrunchie - PAANAN\" \/>\n<meta property=\"og:description\" content=\"Koko: Iso : 12cm halkaisija Medium: 10cm halkaisija Pieni: 8cm halkaisija PAANAN scrunchiet eroavat muista niiden muhkealla ulkon\u00e4\u00f6ll\u00e4. Kangasta ei [&hellip;]\" \/>\n<meta property=\"og:url\" content=\"https:\/\/www.paanan.fi\/en\/product\/valkoinen-organza-scrunchie\/\" \/>\n<meta property=\"og:site_name\" content=\"PAANAN\" \/>\n<meta property=\"article:modified_time\" content=\"2026-04-09T12:40:53+00:00\" \/>\n<meta property=\"og:image\" content=\"https:\/\/www.paanan.fi\/wp-content\/uploads\/2025\/04\/img_9392.jpeg\" \/>\n\t<meta property=\"og:image:width\" content=\"2208\" \/>\n\t<meta property=\"og:image:height\" content=\"2208\" \/>\n\t<meta property=\"og:image:type\" content=\"image\/jpeg\" \/>\n<meta name=\"twitter:card\" content=\"summary_large_image\" \/>\n<meta name=\"twitter:label1\" content=\"Est. reading time\" \/>\n\t<meta name=\"twitter:data1\" content=\"1 minute\" \/>\n<script type=\"application\/ld+json\" class=\"yoast-schema-graph\">{\"@context\":\"https:\\\/\\\/schema.org\",\"@graph\":[{\"@type\":\"WebPage\",\"@id\":\"https:\\\/\\\/www.paanan.fi\\\/tuote\\\/valkoinen-organza-scrunchie\\\/\",\"url\":\"https:\\\/\\\/www.paanan.fi\\\/tuote\\\/valkoinen-organza-scrunchie\\\/\",\"name\":\"Valkoinen organza scrunchie - PAANAN\",\"isPartOf\":{\"@id\":\"https:\\\/\\\/www.paanan.online\\\/#website\"},\"primaryImageOfPage\":{\"@id\":\"https:\\\/\\\/www.paanan.fi\\\/tuote\\\/valkoinen-organza-scrunchie\\\/#primaryimage\"},\"image\":{\"@id\":\"https:\\\/\\\/www.paanan.fi\\\/tuote\\\/valkoinen-organza-scrunchie\\\/#primaryimage\"},\"thumbnailUrl\":\"https:\\\/\\\/www.paanan.fi\\\/wp-content\\\/uploads\\\/2025\\\/04\\\/img_9392.jpeg\",\"datePublished\":\"2025-04-18T07:40:32+00:00\",\"dateModified\":\"2026-04-09T12:40:53+00:00\",\"breadcrumb\":{\"@id\":\"https:\\\/\\\/www.paanan.fi\\\/tuote\\\/valkoinen-organza-scrunchie\\\/#breadcrumb\"},\"inLanguage\":\"en-US\",\"potentialAction\":[{\"@type\":\"ReadAction\",\"target\":[\"https:\\\/\\\/www.paanan.fi\\\/tuote\\\/valkoinen-organza-scrunchie\\\/\"]}]},{\"@type\":\"ImageObject\",\"inLanguage\":\"en-US\",\"@id\":\"https:\\\/\\\/www.paanan.fi\\\/tuote\\\/valkoinen-organza-scrunchie\\\/#primaryimage\",\"url\":\"https:\\\/\\\/www.paanan.fi\\\/wp-content\\\/uploads\\\/2025\\\/04\\\/img_9392.jpeg\",\"contentUrl\":\"https:\\\/\\\/www.paanan.fi\\\/wp-content\\\/uploads\\\/2025\\\/04\\\/img_9392.jpeg\",\"width\":2208,\"height\":2208},{\"@type\":\"BreadcrumbList\",\"@id\":\"https:\\\/\\\/www.paanan.fi\\\/tuote\\\/valkoinen-organza-scrunchie\\\/#breadcrumb\",\"itemListElement\":[{\"@type\":\"ListItem\",\"position\":1,\"name\":\"Etusivu\",\"item\":\"https:\\\/\\\/www.paanan.fi\\\/\"},{\"@type\":\"ListItem\",\"position\":2,\"name\":\"Kauppa\",\"item\":\"https:\\\/\\\/www.paanan.online\\\/kauppa\\\/\"},{\"@type\":\"ListItem\",\"position\":3,\"name\":\"Valkoinen organza scrunchie\"}]},{\"@type\":\"WebSite\",\"@id\":\"https:\\\/\\\/www.paanan.online\\\/#website\",\"url\":\"https:\\\/\\\/www.paanan.online\\\/\",\"name\":\"PAANAN\",\"description\":\"hiusasusteita ja koruja\",\"publisher\":{\"@id\":\"https:\\\/\\\/www.paanan.online\\\/#organization\"},\"alternateName\":\"PN\",\"potentialAction\":[{\"@type\":\"SearchAction\",\"target\":{\"@type\":\"EntryPoint\",\"urlTemplate\":\"https:\\\/\\\/www.paanan.online\\\/?s={search_term_string}\"},\"query-input\":{\"@type\":\"PropertyValueSpecification\",\"valueRequired\":true,\"valueName\":\"search_term_string\"}}],\"inLanguage\":\"en-US\"},{\"@type\":\"Organization\",\"@id\":\"https:\\\/\\\/www.paanan.online\\\/#organization\",\"name\":\"PAANAN\",\"url\":\"https:\\\/\\\/www.paanan.online\\\/\",\"logo\":{\"@type\":\"ImageObject\",\"inLanguage\":\"en-US\",\"@id\":\"https:\\\/\\\/www.paanan.online\\\/#\\\/schema\\\/logo\\\/image\\\/\",\"url\":\"https:\\\/\\\/www.paanan.fi\\\/wp-content\\\/uploads\\\/2025\\\/05\\\/cropped-cropped-P.jpeg\",\"contentUrl\":\"https:\\\/\\\/www.paanan.fi\\\/wp-content\\\/uploads\\\/2025\\\/05\\\/cropped-cropped-P.jpeg\",\"width\":394,\"height\":381,\"caption\":\"PAANAN\"},\"image\":{\"@id\":\"https:\\\/\\\/www.paanan.online\\\/#\\\/schema\\\/logo\\\/image\\\/\"}}]}<\/script>\n<!-- \/ Yoast SEO plugin. -->","yoast_head_json":{"title":"Valkoinen organza scrunchie - PAANAN","robots":{"index":"index","follow":"follow","max-snippet":"max-snippet:-1","max-image-preview":"max-image-preview:large","max-video-preview":"max-video-preview:-1"},"canonical":"https:\/\/www.paanan.fi\/en\/product\/valkoinen-organza-scrunchie\/","og_locale":"en_US","og_type":"article","og_title":"Valkoinen organza scrunchie - PAANAN","og_description":"Koko: Iso : 12cm halkaisija Medium: 10cm halkaisija Pieni: 8cm halkaisija PAANAN scrunchiet eroavat muista niiden muhkealla ulkon\u00e4\u00f6ll\u00e4. Kangasta ei [&hellip;]","og_url":"https:\/\/www.paanan.fi\/en\/product\/valkoinen-organza-scrunchie\/","og_site_name":"PAANAN","article_modified_time":"2026-04-09T12:40:53+00:00","og_image":[{"width":2208,"height":2208,"url":"https:\/\/www.paanan.fi\/wp-content\/uploads\/2025\/04\/img_9392.jpeg","type":"image\/jpeg"}],"twitter_card":"summary_large_image","twitter_misc":{"Est. reading time":"1 minute"},"schema":{"@context":"https:\/\/schema.org","@graph":[{"@type":"WebPage","@id":"https:\/\/www.paanan.fi\/tuote\/valkoinen-organza-scrunchie\/","url":"https:\/\/www.paanan.fi\/tuote\/valkoinen-organza-scrunchie\/","name":"Valkoinen organza scrunchie - PAANAN","isPartOf":{"@id":"https:\/\/www.paanan.online\/#website"},"primaryImageOfPage":{"@id":"https:\/\/www.paanan.fi\/tuote\/valkoinen-organza-scrunchie\/#primaryimage"},"image":{"@id":"https:\/\/www.paanan.fi\/tuote\/valkoinen-organza-scrunchie\/#primaryimage"},"thumbnailUrl":"https:\/\/www.paanan.fi\/wp-content\/uploads\/2025\/04\/img_9392.jpeg","datePublished":"2025-04-18T07:40:32+00:00","dateModified":"2026-04-09T12:40:53+00:00","breadcrumb":{"@id":"https:\/\/www.paanan.fi\/tuote\/valkoinen-organza-scrunchie\/#breadcrumb"},"inLanguage":"en-US","potentialAction":[{"@type":"ReadAction","target":["https:\/\/www.paanan.fi\/tuote\/valkoinen-organza-scrunchie\/"]}]},{"@type":"ImageObject","inLanguage":"en-US","@id":"https:\/\/www.paanan.fi\/tuote\/valkoinen-organza-scrunchie\/#primaryimage","url":"https:\/\/www.paanan.fi\/wp-content\/uploads\/2025\/04\/img_9392.jpeg","contentUrl":"https:\/\/www.paanan.fi\/wp-content\/uploads\/2025\/04\/img_9392.jpeg","width":2208,"height":2208},{"@type":"BreadcrumbList","@id":"https:\/\/www.paanan.fi\/tuote\/valkoinen-organza-scrunchie\/#breadcrumb","itemListElement":[{"@type":"ListItem","position":1,"name":"Etusivu","item":"https:\/\/www.paanan.fi\/"},{"@type":"ListItem","position":2,"name":"Kauppa","item":"https:\/\/www.paanan.online\/kauppa\/"},{"@type":"ListItem","position":3,"name":"Valkoinen organza scrunchie"}]},{"@type":"WebSite","@id":"https:\/\/www.paanan.online\/#website","url":"https:\/\/www.paanan.online\/","name":"PAANAN","description":"hiusasusteita ja koruja","publisher":{"@id":"https:\/\/www.paanan.online\/#organization"},"alternateName":"PN","potentialAction":[{"@type":"SearchAction","target":{"@type":"EntryPoint","urlTemplate":"https:\/\/www.paanan.online\/?s={search_term_string}"},"query-input":{"@type":"PropertyValueSpecification","valueRequired":true,"valueName":"search_term_string"}}],"inLanguage":"en-US"},{"@type":"Organization","@id":"https:\/\/www.paanan.online\/#organization","name":"PAANAN","url":"https:\/\/www.paanan.online\/","logo":{"@type":"ImageObject","inLanguage":"en-US","@id":"https:\/\/www.paanan.online\/#\/schema\/logo\/image\/","url":"https:\/\/www.paanan.fi\/wp-content\/uploads\/2025\/05\/cropped-cropped-P.jpeg","contentUrl":"https:\/\/www.paanan.fi\/wp-content\/uploads\/2025\/05\/cropped-cropped-P.jpeg","width":394,"height":381,"caption":"PAANAN"},"image":{"@id":"https:\/\/www.paanan.online\/#\/schema\/logo\/image\/"}}]}},"uagb_featured_image_src":{"full":["https:\/\/www.paanan.fi\/wp-content\/uploads\/2025\/04\/img_9392.jpeg",2208,2208,false],"thumbnail":["https:\/\/www.paanan.fi\/wp-content\/uploads\/2025\/04\/img_9392-150x150.jpeg",150,150,true],"medium":["https:\/\/www.paanan.fi\/wp-content\/uploads\/2025\/04\/img_9392-300x300.jpeg",300,300,true],"medium_large":["https:\/\/www.paanan.fi\/wp-content\/uploads\/2025\/04\/img_9392-768x768.jpeg",768,768,true],"large":["https:\/\/www.paanan.fi\/wp-content\/uploads\/2025\/04\/img_9392-1024x1024.jpeg",1024,1024,true],"1536x1536":["https:\/\/www.paanan.fi\/wp-content\/uploads\/2025\/04\/img_9392-1536x1536.jpeg",1536,1536,true],"2048x2048":["https:\/\/www.paanan.fi\/wp-content\/uploads\/2025\/04\/img_9392-2048x2048.jpeg",2048,2048,true],"trp-custom-language-flag":["https:\/\/www.paanan.fi\/wp-content\/uploads\/2025\/04\/img_9392.jpeg",12,12,false],"woocommerce_thumbnail":["https:\/\/www.paanan.fi\/wp-content\/uploads\/2025\/04\/img_9392-300x300.jpeg",300,300,true],"woocommerce_single":["https:\/\/www.paanan.fi\/wp-content\/uploads\/2025\/04\/img_9392-600x600.jpeg",600,600,true],"woocommerce_gallery_thumbnail":["https:\/\/www.paanan.fi\/wp-content\/uploads\/2025\/04\/img_9392-100x100.jpeg",100,100,true]},"uagb_author_info":{"display_name":"admin","author_link":"https:\/\/www.paanan.fi\/en\/author\/"},"uagb_comment_info":0,"uagb_excerpt":"Koko: Iso : 12cm halkaisija Medium: 10cm halkaisija Pieni: 8cm halkaisija PAANAN scrunchiet eroavat muista niiden muhkealla ulkon\u00e4\u00f6ll\u00e4. Kangasta ei [&hellip;]","jetpack_sharing_enabled":true,"_links":{"self":[{"href":"https:\/\/www.paanan.fi\/en\/wp-json\/wp\/v2\/product\/548","targetHints":{"allow":["GET"]}}],"collection":[{"href":"https:\/\/www.paanan.fi\/en\/wp-json\/wp\/v2\/product"}],"about":[{"href":"https:\/\/www.paanan.fi\/en\/wp-json\/wp\/v2\/types\/product"}],"replies":[{"embeddable":true,"href":"https:\/\/www.paanan.fi\/en\/wp-json\/wp\/v2\/comments?post=548"}],"wp:featuredmedia":[{"embeddable":true,"href":"https:\/\/www.paanan.fi\/en\/wp-json\/wp\/v2\/media\/544"}],"wp:attachment":[{"href":"https:\/\/www.paanan.fi\/en\/wp-json\/wp\/v2\/media?parent=548"}],"wp:term":[{"taxonomy":"product_brand","embeddable":true,"href":"https:\/\/www.paanan.fi\/en\/wp-json\/wp\/v2\/product_brand?post=548"},{"taxonomy":"product_cat","embeddable":true,"href":"https:\/\/www.paanan.fi\/en\/wp-json\/wp\/v2\/product_cat?post=548"},{"taxonomy":"product_tag","embeddable":true,"href":"https:\/\/www.paanan.fi\/en\/wp-json\/wp\/v2\/product_tag?post=548"}],"curies":[{"name":"wp","href":"https:\/\/api.w.org\/{rel}","templated":true}]}}