{"id":403,"date":"2025-04-12T18:55:43","date_gmt":"2025-04-12T18:55:43","guid":{"rendered":"https:\/\/www.paanan.fi\/tuote\/meriaiheiset-pienet-hiuspinnit-3kpl\/"},"modified":"2026-04-27T13:58:54","modified_gmt":"2026-04-27T13:58:54","slug":"meriaiheiset-pienet-hiuspinnit-3kpl","status":"publish","type":"product","link":"https:\/\/www.paanan.fi\/en\/product\/meriaiheiset-pienet-hiuspinnit-3kpl\/","title":{"rendered":"Set of 3 mermaid-themed hairpins"},"content":{"rendered":"<ul>\n<li>3 kpl kultaisia meriaiheisia hiuspinnej\u00e4<\/li>\n<\/ul>\n<ul>Halkaisija noin 2cm<\/ul>\n<p>Koristele n\u00e4ill\u00e4 pinneill\u00e4 vaikka festarikampaus<\/p>","protected":false},"excerpt":{"rendered":"<p>3 kpl kultaisia meriaiheisia hiuspinnej\u00e4 Halkaisija noin 2cm Koristele n\u00e4ill\u00e4 pinneill\u00e4 vaikka festarikampaus<\/p>","protected":false},"featured_media":1162,"comment_status":"open","ping_status":"closed","template":"","meta":{"_uag_custom_page_level_css":"","site-sidebar-layout":"default","site-content-layout":"","ast-site-content-layout":"default","site-content-style":"default","site-sidebar-style":"default","ast-global-header-display":"","ast-banner-title-visibility":"","ast-main-header-display":"","ast-hfb-above-header-display":"","ast-hfb-below-header-display":"","ast-hfb-mobile-header-display":"","site-post-title":"","ast-breadcrumbs-content":"","ast-featured-img":"","footer-sml-layout":"","ast-disable-related-posts":"","theme-transparent-header-meta":"","adv-header-id-meta":"","stick-header-meta":"","header-above-stick-meta":"","header-main-stick-meta":"","header-below-stick-meta":"","astra-migrate-meta-layouts":"default","ast-page-background-enabled":"default","ast-page-background-meta":{"desktop":{"background-color":"var(--ast-global-color-5)","background-image":"","background-repeat":"repeat","background-position":"center center","background-size":"auto","background-attachment":"scroll","background-type":"","background-media":"","overlay-type":"","overlay-color":"","overlay-opacity":"","overlay-gradient":""},"tablet":{"background-color":"","background-image":"","background-repeat":"repeat","background-position":"center center","background-size":"auto","background-attachment":"scroll","background-type":"","background-media":"","overlay-type":"","overlay-color":"","overlay-opacity":"","overlay-gradient":""},"mobile":{"background-color":"","background-image":"","background-repeat":"repeat","background-position":"center center","background-size":"auto","background-attachment":"scroll","background-type":"","background-media":"","overlay-type":"","overlay-color":"","overlay-opacity":"","overlay-gradient":""}},"ast-content-background-meta":{"desktop":{"background-color":"var(--ast-global-color-4)","background-image":"","background-repeat":"repeat","background-position":"center center","background-size":"auto","background-attachment":"scroll","background-type":"","background-media":"","overlay-type":"","overlay-color":"","overlay-opacity":"","overlay-gradient":""},"tablet":{"background-color":"var(--ast-global-color-4)","background-image":"","background-repeat":"repeat","background-position":"center center","background-size":"auto","background-attachment":"scroll","background-type":"","background-media":"","overlay-type":"","overlay-color":"","overlay-opacity":"","overlay-gradient":""},"mobile":{"background-color":"var(--ast-global-color-4)","background-image":"","background-repeat":"repeat","background-position":"center center","background-size":"auto","background-attachment":"scroll","background-type":"","background-media":"","overlay-type":"","overlay-color":"","overlay-opacity":"","overlay-gradient":""}}},"product_brand":[],"product_cat":[34,44,15],"product_tag":[31,89,56,94],"class_list":{"0":"post-403","1":"product","2":"type-product","3":"status-publish","4":"has-post-thumbnail","6":"product_cat-hiuspinnit","7":"product_cat-kevaan-uutuudet","8":"product_cat-yleinen","9":"product_tag-hiusasusteet","10":"product_tag-hiusklipsi","11":"product_tag-hiuspinnit","12":"product_tag-simpukkakoru","13":"desktop-align-left","14":"tablet-align-left","15":"mobile-align-left","17":"first","18":"instock","19":"taxable","20":"shipping-taxable","21":"purchasable","22":"product-type-simple"},"yoast_head":"<!-- This site is optimized with the Yoast SEO plugin v27.5 - https:\/\/yoast.com\/product\/yoast-seo-wordpress\/ -->\n<title>Meriaiheiset pienet hiuspinnit 3kpl - PAANAN<\/title>\n<meta name=\"robots\" content=\"index, follow, max-snippet:-1, max-image-preview:large, max-video-preview:-1\" \/>\n<link rel=\"canonical\" href=\"https:\/\/www.paanan.fi\/en\/product\/meriaiheiset-pienet-hiuspinnit-3kpl\/\" \/>\n<meta property=\"og:locale\" content=\"en_US\" \/>\n<meta property=\"og:type\" content=\"article\" \/>\n<meta property=\"og:title\" content=\"Meriaiheiset pienet hiuspinnit 3kpl - PAANAN\" \/>\n<meta property=\"og:description\" content=\"3 kpl kultaisia meriaiheisia hiuspinnej\u00e4 Halkaisija noin 2cm Koristele n\u00e4ill\u00e4 pinneill\u00e4 vaikka festarikampaus\" \/>\n<meta property=\"og:url\" content=\"https:\/\/www.paanan.fi\/en\/product\/meriaiheiset-pienet-hiuspinnit-3kpl\/\" \/>\n<meta property=\"og:site_name\" content=\"PAANAN\" \/>\n<meta property=\"article:modified_time\" content=\"2026-04-27T13:58:54+00:00\" \/>\n<meta property=\"og:image\" content=\"https:\/\/www.paanan.fi\/wp-content\/uploads\/2025\/04\/img_0221-scaled.jpeg\" \/>\n\t<meta property=\"og:image:width\" content=\"2560\" \/>\n\t<meta property=\"og:image:height\" content=\"2560\" \/>\n\t<meta property=\"og:image:type\" content=\"image\/jpeg\" \/>\n<meta name=\"twitter:card\" content=\"summary_large_image\" \/>\n<script type=\"application\/ld+json\" class=\"yoast-schema-graph\">{\"@context\":\"https:\\\/\\\/schema.org\",\"@graph\":[{\"@type\":\"WebPage\",\"@id\":\"https:\\\/\\\/www.paanan.fi\\\/tuote\\\/meriaiheiset-pienet-hiuspinnit-3kpl\\\/\",\"url\":\"https:\\\/\\\/www.paanan.fi\\\/tuote\\\/meriaiheiset-pienet-hiuspinnit-3kpl\\\/\",\"name\":\"Meriaiheiset pienet hiuspinnit 3kpl - PAANAN\",\"isPartOf\":{\"@id\":\"https:\\\/\\\/www.paanan.online\\\/#website\"},\"primaryImageOfPage\":{\"@id\":\"https:\\\/\\\/www.paanan.fi\\\/tuote\\\/meriaiheiset-pienet-hiuspinnit-3kpl\\\/#primaryimage\"},\"image\":{\"@id\":\"https:\\\/\\\/www.paanan.fi\\\/tuote\\\/meriaiheiset-pienet-hiuspinnit-3kpl\\\/#primaryimage\"},\"thumbnailUrl\":\"https:\\\/\\\/www.paanan.fi\\\/wp-content\\\/uploads\\\/2025\\\/04\\\/img_1307-scaled.jpeg\",\"datePublished\":\"2025-04-12T18:55:43+00:00\",\"dateModified\":\"2026-04-27T13:58:54+00:00\",\"breadcrumb\":{\"@id\":\"https:\\\/\\\/www.paanan.fi\\\/tuote\\\/meriaiheiset-pienet-hiuspinnit-3kpl\\\/#breadcrumb\"},\"inLanguage\":\"en-US\",\"potentialAction\":[{\"@type\":\"ReadAction\",\"target\":[\"https:\\\/\\\/www.paanan.fi\\\/tuote\\\/meriaiheiset-pienet-hiuspinnit-3kpl\\\/\"]}]},{\"@type\":\"ImageObject\",\"inLanguage\":\"en-US\",\"@id\":\"https:\\\/\\\/www.paanan.fi\\\/tuote\\\/meriaiheiset-pienet-hiuspinnit-3kpl\\\/#primaryimage\",\"url\":\"https:\\\/\\\/www.paanan.fi\\\/wp-content\\\/uploads\\\/2025\\\/04\\\/img_1307-scaled.jpeg\",\"contentUrl\":\"https:\\\/\\\/www.paanan.fi\\\/wp-content\\\/uploads\\\/2025\\\/04\\\/img_1307-scaled.jpeg\",\"width\":2560,\"height\":2560},{\"@type\":\"BreadcrumbList\",\"@id\":\"https:\\\/\\\/www.paanan.fi\\\/tuote\\\/meriaiheiset-pienet-hiuspinnit-3kpl\\\/#breadcrumb\",\"itemListElement\":[{\"@type\":\"ListItem\",\"position\":1,\"name\":\"Etusivu\",\"item\":\"https:\\\/\\\/www.paanan.fi\\\/\"},{\"@type\":\"ListItem\",\"position\":2,\"name\":\"Kauppa\",\"item\":\"https:\\\/\\\/www.paanan.online\\\/kauppa\\\/\"},{\"@type\":\"ListItem\",\"position\":3,\"name\":\"Meriaiheiset pienet hiuspinnit 3kpl\"}]},{\"@type\":\"WebSite\",\"@id\":\"https:\\\/\\\/www.paanan.online\\\/#website\",\"url\":\"https:\\\/\\\/www.paanan.online\\\/\",\"name\":\"PAANAN\",\"description\":\"hiusasusteita ja koruja\",\"publisher\":{\"@id\":\"https:\\\/\\\/www.paanan.online\\\/#organization\"},\"alternateName\":\"PN\",\"potentialAction\":[{\"@type\":\"SearchAction\",\"target\":{\"@type\":\"EntryPoint\",\"urlTemplate\":\"https:\\\/\\\/www.paanan.online\\\/?s={search_term_string}\"},\"query-input\":{\"@type\":\"PropertyValueSpecification\",\"valueRequired\":true,\"valueName\":\"search_term_string\"}}],\"inLanguage\":\"en-US\"},{\"@type\":\"Organization\",\"@id\":\"https:\\\/\\\/www.paanan.online\\\/#organization\",\"name\":\"PAANAN\",\"url\":\"https:\\\/\\\/www.paanan.online\\\/\",\"logo\":{\"@type\":\"ImageObject\",\"inLanguage\":\"en-US\",\"@id\":\"https:\\\/\\\/www.paanan.online\\\/#\\\/schema\\\/logo\\\/image\\\/\",\"url\":\"https:\\\/\\\/www.paanan.fi\\\/wp-content\\\/uploads\\\/2025\\\/05\\\/cropped-cropped-P.jpeg\",\"contentUrl\":\"https:\\\/\\\/www.paanan.fi\\\/wp-content\\\/uploads\\\/2025\\\/05\\\/cropped-cropped-P.jpeg\",\"width\":394,\"height\":381,\"caption\":\"PAANAN\"},\"image\":{\"@id\":\"https:\\\/\\\/www.paanan.online\\\/#\\\/schema\\\/logo\\\/image\\\/\"}}]}<\/script>\n<!-- \/ Yoast SEO plugin. -->","yoast_head_json":{"title":"Meriaiheiset pienet hiuspinnit 3kpl - PAANAN","robots":{"index":"index","follow":"follow","max-snippet":"max-snippet:-1","max-image-preview":"max-image-preview:large","max-video-preview":"max-video-preview:-1"},"canonical":"https:\/\/www.paanan.fi\/en\/product\/meriaiheiset-pienet-hiuspinnit-3kpl\/","og_locale":"en_US","og_type":"article","og_title":"Meriaiheiset pienet hiuspinnit 3kpl - PAANAN","og_description":"3 kpl kultaisia meriaiheisia hiuspinnej\u00e4 Halkaisija noin 2cm Koristele n\u00e4ill\u00e4 pinneill\u00e4 vaikka festarikampaus","og_url":"https:\/\/www.paanan.fi\/en\/product\/meriaiheiset-pienet-hiuspinnit-3kpl\/","og_site_name":"PAANAN","article_modified_time":"2026-04-27T13:58:54+00:00","og_image":[{"width":2560,"height":2560,"url":"https:\/\/www.paanan.fi\/wp-content\/uploads\/2025\/04\/img_0221-scaled.jpeg","type":"image\/jpeg"}],"twitter_card":"summary_large_image","schema":{"@context":"https:\/\/schema.org","@graph":[{"@type":"WebPage","@id":"https:\/\/www.paanan.fi\/tuote\/meriaiheiset-pienet-hiuspinnit-3kpl\/","url":"https:\/\/www.paanan.fi\/tuote\/meriaiheiset-pienet-hiuspinnit-3kpl\/","name":"Meriaiheiset pienet hiuspinnit 3kpl - PAANAN","isPartOf":{"@id":"https:\/\/www.paanan.online\/#website"},"primaryImageOfPage":{"@id":"https:\/\/www.paanan.fi\/tuote\/meriaiheiset-pienet-hiuspinnit-3kpl\/#primaryimage"},"image":{"@id":"https:\/\/www.paanan.fi\/tuote\/meriaiheiset-pienet-hiuspinnit-3kpl\/#primaryimage"},"thumbnailUrl":"https:\/\/www.paanan.fi\/wp-content\/uploads\/2025\/04\/img_1307-scaled.jpeg","datePublished":"2025-04-12T18:55:43+00:00","dateModified":"2026-04-27T13:58:54+00:00","breadcrumb":{"@id":"https:\/\/www.paanan.fi\/tuote\/meriaiheiset-pienet-hiuspinnit-3kpl\/#breadcrumb"},"inLanguage":"en-US","potentialAction":[{"@type":"ReadAction","target":["https:\/\/www.paanan.fi\/tuote\/meriaiheiset-pienet-hiuspinnit-3kpl\/"]}]},{"@type":"ImageObject","inLanguage":"en-US","@id":"https:\/\/www.paanan.fi\/tuote\/meriaiheiset-pienet-hiuspinnit-3kpl\/#primaryimage","url":"https:\/\/www.paanan.fi\/wp-content\/uploads\/2025\/04\/img_1307-scaled.jpeg","contentUrl":"https:\/\/www.paanan.fi\/wp-content\/uploads\/2025\/04\/img_1307-scaled.jpeg","width":2560,"height":2560},{"@type":"BreadcrumbList","@id":"https:\/\/www.paanan.fi\/tuote\/meriaiheiset-pienet-hiuspinnit-3kpl\/#breadcrumb","itemListElement":[{"@type":"ListItem","position":1,"name":"Etusivu","item":"https:\/\/www.paanan.fi\/"},{"@type":"ListItem","position":2,"name":"Kauppa","item":"https:\/\/www.paanan.online\/kauppa\/"},{"@type":"ListItem","position":3,"name":"Meriaiheiset pienet hiuspinnit 3kpl"}]},{"@type":"WebSite","@id":"https:\/\/www.paanan.online\/#website","url":"https:\/\/www.paanan.online\/","name":"PAANAN","description":"hiusasusteita ja koruja","publisher":{"@id":"https:\/\/www.paanan.online\/#organization"},"alternateName":"PN","potentialAction":[{"@type":"SearchAction","target":{"@type":"EntryPoint","urlTemplate":"https:\/\/www.paanan.online\/?s={search_term_string}"},"query-input":{"@type":"PropertyValueSpecification","valueRequired":true,"valueName":"search_term_string"}}],"inLanguage":"en-US"},{"@type":"Organization","@id":"https:\/\/www.paanan.online\/#organization","name":"PAANAN","url":"https:\/\/www.paanan.online\/","logo":{"@type":"ImageObject","inLanguage":"en-US","@id":"https:\/\/www.paanan.online\/#\/schema\/logo\/image\/","url":"https:\/\/www.paanan.fi\/wp-content\/uploads\/2025\/05\/cropped-cropped-P.jpeg","contentUrl":"https:\/\/www.paanan.fi\/wp-content\/uploads\/2025\/05\/cropped-cropped-P.jpeg","width":394,"height":381,"caption":"PAANAN"},"image":{"@id":"https:\/\/www.paanan.online\/#\/schema\/logo\/image\/"}}]}},"uagb_featured_image_src":{"full":["https:\/\/www.paanan.fi\/wp-content\/uploads\/2025\/04\/img_1307-scaled.jpeg",2560,2560,false],"thumbnail":["https:\/\/www.paanan.fi\/wp-content\/uploads\/2025\/04\/img_1307-150x150.jpeg",150,150,true],"medium":["https:\/\/www.paanan.fi\/wp-content\/uploads\/2025\/04\/img_1307-300x300.jpeg",300,300,true],"medium_large":["https:\/\/www.paanan.fi\/wp-content\/uploads\/2025\/04\/img_1307-768x768.jpeg",768,768,true],"large":["https:\/\/www.paanan.fi\/wp-content\/uploads\/2025\/04\/img_1307-1024x1024.jpeg",1024,1024,true],"1536x1536":["https:\/\/www.paanan.fi\/wp-content\/uploads\/2025\/04\/img_1307-1536x1536.jpeg",1536,1536,true],"2048x2048":["https:\/\/www.paanan.fi\/wp-content\/uploads\/2025\/04\/img_1307-2048x2048.jpeg",2048,2048,true],"trp-custom-language-flag":["https:\/\/www.paanan.fi\/wp-content\/uploads\/2025\/04\/img_1307-12x12.jpeg",12,12,true],"woocommerce_thumbnail":["https:\/\/www.paanan.fi\/wp-content\/uploads\/2025\/04\/img_1307-300x300.jpeg",300,300,true],"woocommerce_single":["https:\/\/www.paanan.fi\/wp-content\/uploads\/2025\/04\/img_1307-600x600.jpeg",600,600,true],"woocommerce_gallery_thumbnail":["https:\/\/www.paanan.fi\/wp-content\/uploads\/2025\/04\/img_1307-100x100.jpeg",100,100,true]},"uagb_author_info":{"display_name":"admin","author_link":"https:\/\/www.paanan.fi\/en\/author\/"},"uagb_comment_info":0,"uagb_excerpt":"3 kpl kultaisia meriaiheisia hiuspinnej\u00e4 Halkaisija noin 2cm Koristele n\u00e4ill\u00e4 pinneill\u00e4 vaikka festarikampaus","jetpack_sharing_enabled":true,"_links":{"self":[{"href":"https:\/\/www.paanan.fi\/en\/wp-json\/wp\/v2\/product\/403","targetHints":{"allow":["GET"]}}],"collection":[{"href":"https:\/\/www.paanan.fi\/en\/wp-json\/wp\/v2\/product"}],"about":[{"href":"https:\/\/www.paanan.fi\/en\/wp-json\/wp\/v2\/types\/product"}],"replies":[{"embeddable":true,"href":"https:\/\/www.paanan.fi\/en\/wp-json\/wp\/v2\/comments?post=403"}],"wp:featuredmedia":[{"embeddable":true,"href":"https:\/\/www.paanan.fi\/en\/wp-json\/wp\/v2\/media\/1162"}],"wp:attachment":[{"href":"https:\/\/www.paanan.fi\/en\/wp-json\/wp\/v2\/media?parent=403"}],"wp:term":[{"taxonomy":"product_brand","embeddable":true,"href":"https:\/\/www.paanan.fi\/en\/wp-json\/wp\/v2\/product_brand?post=403"},{"taxonomy":"product_cat","embeddable":true,"href":"https:\/\/www.paanan.fi\/en\/wp-json\/wp\/v2\/product_cat?post=403"},{"taxonomy":"product_tag","embeddable":true,"href":"https:\/\/www.paanan.fi\/en\/wp-json\/wp\/v2\/product_tag?post=403"}],"curies":[{"name":"wp","href":"https:\/\/api.w.org\/{rel}","templated":true}]}}