{"id":168,"date":"2025-04-09T08:50:17","date_gmt":"2025-04-09T08:50:17","guid":{"rendered":"https:\/\/www.paanan.fi\/?post_type=product&#038;p=168"},"modified":"2025-07-13T09:20:32","modified_gmt":"2025-07-13T09:20:32","slug":"keltainen-organza-scrunchie","status":"publish","type":"product","link":"https:\/\/www.paanan.fi\/en\/product\/keltainen-organza-scrunchie\/","title":{"rendered":"Yellow organza scrunchie"},"content":{"rendered":"<p>K\u00e4sintehty organza scrunchie<\/p>\n<p>T\u00e4ll\u00e4 ponnarilla saat n\u00e4ytt\u00e4vi\u00e4 arki- tai juhlakampauksia.<\/p>\n<p>Hell\u00e4varainen hiuksille ja ei j\u00e4t\u00e4 painaumia hiuksiin<\/p>","protected":false},"excerpt":{"rendered":"<p>K\u00e4sintehty organza scrunchie T\u00e4ll\u00e4 ponnarilla saat n\u00e4ytt\u00e4vi\u00e4 arki- tai juhlakampauksia. Hell\u00e4varainen hiuksille ja ei j\u00e4t\u00e4 painaumia hiuksiin<\/p>","protected":false},"featured_media":233,"comment_status":"open","ping_status":"closed","template":"","meta":{"_uag_custom_page_level_css":"","site-sidebar-layout":"default","site-content-layout":"","ast-site-content-layout":"default","site-content-style":"default","site-sidebar-style":"default","ast-global-header-display":"","ast-banner-title-visibility":"","ast-main-header-display":"","ast-hfb-above-header-display":"","ast-hfb-below-header-display":"","ast-hfb-mobile-header-display":"","site-post-title":"","ast-breadcrumbs-content":"","ast-featured-img":"","footer-sml-layout":"","ast-disable-related-posts":"","theme-transparent-header-meta":"","adv-header-id-meta":"","stick-header-meta":"","header-above-stick-meta":"","header-main-stick-meta":"","header-below-stick-meta":"","astra-migrate-meta-layouts":"default","ast-page-background-enabled":"default","ast-page-background-meta":{"desktop":{"background-color":"var(--ast-global-color-5)","background-image":"","background-repeat":"repeat","background-position":"center center","background-size":"auto","background-attachment":"scroll","background-type":"","background-media":"","overlay-type":"","overlay-color":"","overlay-opacity":"","overlay-gradient":""},"tablet":{"background-color":"","background-image":"","background-repeat":"repeat","background-position":"center center","background-size":"auto","background-attachment":"scroll","background-type":"","background-media":"","overlay-type":"","overlay-color":"","overlay-opacity":"","overlay-gradient":""},"mobile":{"background-color":"","background-image":"","background-repeat":"repeat","background-position":"center center","background-size":"auto","background-attachment":"scroll","background-type":"","background-media":"","overlay-type":"","overlay-color":"","overlay-opacity":"","overlay-gradient":""}},"ast-content-background-meta":{"desktop":{"background-color":"var(--ast-global-color-4)","background-image":"","background-repeat":"repeat","background-position":"center center","background-size":"auto","background-attachment":"scroll","background-type":"","background-media":"","overlay-type":"","overlay-color":"","overlay-opacity":"","overlay-gradient":""},"tablet":{"background-color":"var(--ast-global-color-4)","background-image":"","background-repeat":"repeat","background-position":"center center","background-size":"auto","background-attachment":"scroll","background-type":"","background-media":"","overlay-type":"","overlay-color":"","overlay-opacity":"","overlay-gradient":""},"mobile":{"background-color":"var(--ast-global-color-4)","background-image":"","background-repeat":"repeat","background-position":"center center","background-size":"auto","background-attachment":"scroll","background-type":"","background-media":"","overlay-type":"","overlay-color":"","overlay-opacity":"","overlay-gradient":""}}},"product_brand":[21],"product_cat":[44,35],"product_tag":[31,30],"class_list":{"0":"post-168","1":"product","2":"type-product","3":"status-publish","4":"has-post-thumbnail","6":"product_brand-paanan","7":"product_cat-kevaan-uutuudet","8":"product_cat-scrunchiet","9":"product_tag-hiusasusteet","10":"product_tag-ponnari","11":"desktop-align-left","12":"tablet-align-left","13":"mobile-align-left","15":"first","16":"instock","17":"taxable","18":"shipping-taxable","19":"purchasable","20":"product-type-variable"},"yoast_head":"<!-- This site is optimized with the Yoast SEO plugin v27.5 - https:\/\/yoast.com\/product\/yoast-seo-wordpress\/ -->\n<title>Keltainen organza scrunchie - PAANAN<\/title>\n<meta name=\"robots\" content=\"index, follow, max-snippet:-1, max-image-preview:large, max-video-preview:-1\" \/>\n<link rel=\"canonical\" href=\"https:\/\/www.paanan.online\/tuote\/keltainen-organza-scrunchie\/\" \/>\n<meta property=\"og:locale\" content=\"en_US\" \/>\n<meta property=\"og:type\" content=\"article\" \/>\n<meta property=\"og:title\" content=\"Keltainen organza scrunchie - PAANAN\" \/>\n<meta property=\"og:description\" content=\"K\u00e4sintehty organza scrunchie T\u00e4ll\u00e4 ponnarilla saat n\u00e4ytt\u00e4vi\u00e4 arki- tai juhlakampauksia. Hell\u00e4varainen hiuksille ja ei j\u00e4t\u00e4 painaumia hiuksiin\" \/>\n<meta property=\"og:url\" content=\"https:\/\/www.paanan.online\/tuote\/keltainen-organza-scrunchie\/\" \/>\n<meta property=\"og:site_name\" content=\"PAANAN\" \/>\n<meta property=\"article:modified_time\" content=\"2025-07-13T09:20:32+00:00\" \/>\n<meta property=\"og:image\" content=\"https:\/\/www.paanan.online\/wp-content\/uploads\/2025\/04\/img_8594-scaled.jpeg\" \/>\n\t<meta property=\"og:image:width\" content=\"1920\" \/>\n\t<meta property=\"og:image:height\" content=\"2560\" \/>\n\t<meta property=\"og:image:type\" content=\"image\/jpeg\" \/>\n<meta name=\"twitter:card\" content=\"summary_large_image\" \/>\n<script type=\"application\/ld+json\" class=\"yoast-schema-graph\">{\"@context\":\"https:\\\/\\\/schema.org\",\"@graph\":[{\"@type\":\"WebPage\",\"@id\":\"https:\\\/\\\/www.paanan.online\\\/tuote\\\/keltainen-organza-scrunchie\\\/\",\"url\":\"https:\\\/\\\/www.paanan.online\\\/tuote\\\/keltainen-organza-scrunchie\\\/\",\"name\":\"Keltainen organza scrunchie - PAANAN\",\"isPartOf\":{\"@id\":\"https:\\\/\\\/www.paanan.online\\\/#website\"},\"primaryImageOfPage\":{\"@id\":\"https:\\\/\\\/www.paanan.online\\\/tuote\\\/keltainen-organza-scrunchie\\\/#primaryimage\"},\"image\":{\"@id\":\"https:\\\/\\\/www.paanan.online\\\/tuote\\\/keltainen-organza-scrunchie\\\/#primaryimage\"},\"thumbnailUrl\":\"https:\\\/\\\/www.paanan.fi\\\/wp-content\\\/uploads\\\/2025\\\/04\\\/img_8594-scaled.jpeg\",\"datePublished\":\"2025-04-09T08:50:17+00:00\",\"dateModified\":\"2025-07-13T09:20:32+00:00\",\"breadcrumb\":{\"@id\":\"https:\\\/\\\/www.paanan.online\\\/tuote\\\/keltainen-organza-scrunchie\\\/#breadcrumb\"},\"inLanguage\":\"en-US\",\"potentialAction\":[{\"@type\":\"ReadAction\",\"target\":[\"https:\\\/\\\/www.paanan.online\\\/tuote\\\/keltainen-organza-scrunchie\\\/\"]}]},{\"@type\":\"ImageObject\",\"inLanguage\":\"en-US\",\"@id\":\"https:\\\/\\\/www.paanan.online\\\/tuote\\\/keltainen-organza-scrunchie\\\/#primaryimage\",\"url\":\"https:\\\/\\\/www.paanan.fi\\\/wp-content\\\/uploads\\\/2025\\\/04\\\/img_8594-scaled.jpeg\",\"contentUrl\":\"https:\\\/\\\/www.paanan.fi\\\/wp-content\\\/uploads\\\/2025\\\/04\\\/img_8594-scaled.jpeg\",\"width\":1920,\"height\":2560},{\"@type\":\"BreadcrumbList\",\"@id\":\"https:\\\/\\\/www.paanan.online\\\/tuote\\\/keltainen-organza-scrunchie\\\/#breadcrumb\",\"itemListElement\":[{\"@type\":\"ListItem\",\"position\":1,\"name\":\"Etusivu\",\"item\":\"https:\\\/\\\/www.paanan.fi\\\/\"},{\"@type\":\"ListItem\",\"position\":2,\"name\":\"Kauppa\",\"item\":\"https:\\\/\\\/www.paanan.online\\\/kauppa\\\/\"},{\"@type\":\"ListItem\",\"position\":3,\"name\":\"Keltainen organza scrunchie\"}]},{\"@type\":\"WebSite\",\"@id\":\"https:\\\/\\\/www.paanan.online\\\/#website\",\"url\":\"https:\\\/\\\/www.paanan.online\\\/\",\"name\":\"PAANAN\",\"description\":\"hiusasusteita ja koruja\",\"publisher\":{\"@id\":\"https:\\\/\\\/www.paanan.online\\\/#organization\"},\"alternateName\":\"PN\",\"potentialAction\":[{\"@type\":\"SearchAction\",\"target\":{\"@type\":\"EntryPoint\",\"urlTemplate\":\"https:\\\/\\\/www.paanan.online\\\/?s={search_term_string}\"},\"query-input\":{\"@type\":\"PropertyValueSpecification\",\"valueRequired\":true,\"valueName\":\"search_term_string\"}}],\"inLanguage\":\"en-US\"},{\"@type\":\"Organization\",\"@id\":\"https:\\\/\\\/www.paanan.online\\\/#organization\",\"name\":\"PAANAN\",\"url\":\"https:\\\/\\\/www.paanan.online\\\/\",\"logo\":{\"@type\":\"ImageObject\",\"inLanguage\":\"en-US\",\"@id\":\"https:\\\/\\\/www.paanan.online\\\/#\\\/schema\\\/logo\\\/image\\\/\",\"url\":\"https:\\\/\\\/www.paanan.fi\\\/wp-content\\\/uploads\\\/2025\\\/05\\\/cropped-cropped-P.jpeg\",\"contentUrl\":\"https:\\\/\\\/www.paanan.fi\\\/wp-content\\\/uploads\\\/2025\\\/05\\\/cropped-cropped-P.jpeg\",\"width\":394,\"height\":381,\"caption\":\"PAANAN\"},\"image\":{\"@id\":\"https:\\\/\\\/www.paanan.online\\\/#\\\/schema\\\/logo\\\/image\\\/\"}}]}<\/script>\n<!-- \/ Yoast SEO plugin. -->","yoast_head_json":{"title":"Keltainen organza scrunchie - PAANAN","robots":{"index":"index","follow":"follow","max-snippet":"max-snippet:-1","max-image-preview":"max-image-preview:large","max-video-preview":"max-video-preview:-1"},"canonical":"https:\/\/www.paanan.online\/tuote\/keltainen-organza-scrunchie\/","og_locale":"en_US","og_type":"article","og_title":"Keltainen organza scrunchie - PAANAN","og_description":"K\u00e4sintehty organza scrunchie T\u00e4ll\u00e4 ponnarilla saat n\u00e4ytt\u00e4vi\u00e4 arki- tai juhlakampauksia. Hell\u00e4varainen hiuksille ja ei j\u00e4t\u00e4 painaumia hiuksiin","og_url":"https:\/\/www.paanan.online\/tuote\/keltainen-organza-scrunchie\/","og_site_name":"PAANAN","article_modified_time":"2025-07-13T09:20:32+00:00","og_image":[{"width":1920,"height":2560,"url":"https:\/\/www.paanan.online\/wp-content\/uploads\/2025\/04\/img_8594-scaled.jpeg","type":"image\/jpeg"}],"twitter_card":"summary_large_image","schema":{"@context":"https:\/\/schema.org","@graph":[{"@type":"WebPage","@id":"https:\/\/www.paanan.online\/tuote\/keltainen-organza-scrunchie\/","url":"https:\/\/www.paanan.online\/tuote\/keltainen-organza-scrunchie\/","name":"Keltainen organza scrunchie - PAANAN","isPartOf":{"@id":"https:\/\/www.paanan.online\/#website"},"primaryImageOfPage":{"@id":"https:\/\/www.paanan.online\/tuote\/keltainen-organza-scrunchie\/#primaryimage"},"image":{"@id":"https:\/\/www.paanan.online\/tuote\/keltainen-organza-scrunchie\/#primaryimage"},"thumbnailUrl":"https:\/\/www.paanan.fi\/wp-content\/uploads\/2025\/04\/img_8594-scaled.jpeg","datePublished":"2025-04-09T08:50:17+00:00","dateModified":"2025-07-13T09:20:32+00:00","breadcrumb":{"@id":"https:\/\/www.paanan.online\/tuote\/keltainen-organza-scrunchie\/#breadcrumb"},"inLanguage":"en-US","potentialAction":[{"@type":"ReadAction","target":["https:\/\/www.paanan.online\/tuote\/keltainen-organza-scrunchie\/"]}]},{"@type":"ImageObject","inLanguage":"en-US","@id":"https:\/\/www.paanan.online\/tuote\/keltainen-organza-scrunchie\/#primaryimage","url":"https:\/\/www.paanan.fi\/wp-content\/uploads\/2025\/04\/img_8594-scaled.jpeg","contentUrl":"https:\/\/www.paanan.fi\/wp-content\/uploads\/2025\/04\/img_8594-scaled.jpeg","width":1920,"height":2560},{"@type":"BreadcrumbList","@id":"https:\/\/www.paanan.online\/tuote\/keltainen-organza-scrunchie\/#breadcrumb","itemListElement":[{"@type":"ListItem","position":1,"name":"Etusivu","item":"https:\/\/www.paanan.fi\/"},{"@type":"ListItem","position":2,"name":"Kauppa","item":"https:\/\/www.paanan.online\/kauppa\/"},{"@type":"ListItem","position":3,"name":"Keltainen organza scrunchie"}]},{"@type":"WebSite","@id":"https:\/\/www.paanan.online\/#website","url":"https:\/\/www.paanan.online\/","name":"PAANAN","description":"hiusasusteita ja koruja","publisher":{"@id":"https:\/\/www.paanan.online\/#organization"},"alternateName":"PN","potentialAction":[{"@type":"SearchAction","target":{"@type":"EntryPoint","urlTemplate":"https:\/\/www.paanan.online\/?s={search_term_string}"},"query-input":{"@type":"PropertyValueSpecification","valueRequired":true,"valueName":"search_term_string"}}],"inLanguage":"en-US"},{"@type":"Organization","@id":"https:\/\/www.paanan.online\/#organization","name":"PAANAN","url":"https:\/\/www.paanan.online\/","logo":{"@type":"ImageObject","inLanguage":"en-US","@id":"https:\/\/www.paanan.online\/#\/schema\/logo\/image\/","url":"https:\/\/www.paanan.fi\/wp-content\/uploads\/2025\/05\/cropped-cropped-P.jpeg","contentUrl":"https:\/\/www.paanan.fi\/wp-content\/uploads\/2025\/05\/cropped-cropped-P.jpeg","width":394,"height":381,"caption":"PAANAN"},"image":{"@id":"https:\/\/www.paanan.online\/#\/schema\/logo\/image\/"}}]}},"uagb_featured_image_src":{"full":["https:\/\/www.paanan.fi\/wp-content\/uploads\/2025\/04\/img_8594-scaled.jpeg",1920,2560,false],"thumbnail":["https:\/\/www.paanan.fi\/wp-content\/uploads\/2025\/04\/img_8594-150x150.jpeg",150,150,true],"medium":["https:\/\/www.paanan.fi\/wp-content\/uploads\/2025\/04\/img_8594-225x300.jpeg",225,300,true],"medium_large":["https:\/\/www.paanan.fi\/wp-content\/uploads\/2025\/04\/img_8594-768x1024.jpeg",768,1024,true],"large":["https:\/\/www.paanan.fi\/wp-content\/uploads\/2025\/04\/img_8594-768x1024.jpeg",768,1024,true],"1536x1536":["https:\/\/www.paanan.fi\/wp-content\/uploads\/2025\/04\/img_8594-1152x1536.jpeg",1152,1536,true],"2048x2048":["https:\/\/www.paanan.fi\/wp-content\/uploads\/2025\/04\/img_8594-1536x2048.jpeg",1536,2048,true],"trp-custom-language-flag":["https:\/\/www.paanan.fi\/wp-content\/uploads\/2025\/04\/img_8594-scaled.jpeg",9,12,false],"woocommerce_thumbnail":["https:\/\/www.paanan.fi\/wp-content\/uploads\/2025\/04\/img_8594-300x300.jpeg",300,300,true],"woocommerce_single":["https:\/\/www.paanan.fi\/wp-content\/uploads\/2025\/04\/img_8594-600x800.jpeg",600,800,true],"woocommerce_gallery_thumbnail":["https:\/\/www.paanan.fi\/wp-content\/uploads\/2025\/04\/img_8594-100x100.jpeg",100,100,true]},"uagb_author_info":{"display_name":"admin","author_link":"https:\/\/www.paanan.fi\/en\/author\/"},"uagb_comment_info":0,"uagb_excerpt":"K\u00e4sintehty organza scrunchie T\u00e4ll\u00e4 ponnarilla saat n\u00e4ytt\u00e4vi\u00e4 arki- tai juhlakampauksia. Hell\u00e4varainen hiuksille ja ei j\u00e4t\u00e4 painaumia hiuksiin","jetpack_sharing_enabled":true,"_links":{"self":[{"href":"https:\/\/www.paanan.fi\/en\/wp-json\/wp\/v2\/product\/168","targetHints":{"allow":["GET"]}}],"collection":[{"href":"https:\/\/www.paanan.fi\/en\/wp-json\/wp\/v2\/product"}],"about":[{"href":"https:\/\/www.paanan.fi\/en\/wp-json\/wp\/v2\/types\/product"}],"replies":[{"embeddable":true,"href":"https:\/\/www.paanan.fi\/en\/wp-json\/wp\/v2\/comments?post=168"}],"wp:featuredmedia":[{"embeddable":true,"href":"https:\/\/www.paanan.fi\/en\/wp-json\/wp\/v2\/media\/233"}],"wp:attachment":[{"href":"https:\/\/www.paanan.fi\/en\/wp-json\/wp\/v2\/media?parent=168"}],"wp:term":[{"taxonomy":"product_brand","embeddable":true,"href":"https:\/\/www.paanan.fi\/en\/wp-json\/wp\/v2\/product_brand?post=168"},{"taxonomy":"product_cat","embeddable":true,"href":"https:\/\/www.paanan.fi\/en\/wp-json\/wp\/v2\/product_cat?post=168"},{"taxonomy":"product_tag","embeddable":true,"href":"https:\/\/www.paanan.fi\/en\/wp-json\/wp\/v2\/product_tag?post=168"}],"curies":[{"name":"wp","href":"https:\/\/api.w.org\/{rel}","templated":true}]}}